{"id":47804,"date":"2017-12-04T10:48:48","date_gmt":"2017-12-04T10:48:48","guid":{"rendered":"http:\/\/www.gmg.co.mz\/?page_id=47804"},"modified":"2018-04-25T13:24:35","modified_gmt":"2018-04-25T13:24:35","slug":"sobre-nos","status":"publish","type":"page","link":"https:\/\/www.gmg.co.mz\/?page_id=47804","title":{"rendered":"Sobre N\u00f3s"},"content":{"rendered":"<p>[et_pb_section fb_built=&#8221;1&#8243; admin_label=&#8221;About Us Section&#8221; _builder_version=&#8221;3.0.90&#8243; background_image=&#8221;http:\/\/www.gmg.co.mz\/wp-content\/uploads\/2017\/12\/DSC00440.jpg&#8221; custom_margin=&#8221;|5%||5%&#8221; custom_margin_phone=&#8221;|0px||0px&#8221; custom_margin_last_edited=&#8221;on|phone&#8221; custom_padding=&#8221;10%|||&#8221; animation_style=&#8221;zoom&#8221; animation_direction=&#8221;top&#8221; animation_intensity_zoom=&#8221;5%&#8221; box_shadow_style=&#8221;preset7&#8243; box_shadow_horizontal=&#8221;0px&#8221; box_shadow_vertical=&#8221;-200px&#8221; box_shadow_color=&#8221;#ffffff&#8221; disabled_on=&#8221;on|on|off&#8221;][et_pb_row custom_padding=&#8221;27px|0px|0px|0px&#8221; admin_label=&#8221;About Us Area&#8221; _builder_version=&#8221;3.0.90&#8243; background_size=&#8221;initial&#8221; background_position=&#8221;top_left&#8221; background_repeat=&#8221;repeat&#8221;][et_pb_column type=&#8221;2_3&#8243; _builder_version=&#8221;3.0.47&#8243; parallax=&#8221;off&#8221; parallax_method=&#8221;on&#8221;][et_pb_text admin_label=&#8221;Title&#8221; _builder_version=&#8221;3.0.90&#8243; text_font=&#8221;Montserrat||||||||&#8221; text_font_size=&#8221;16px&#8221; text_text_color=&#8221;#747d88&#8243; text_line_height=&#8221;1.9em&#8221; header_font=&#8221;||||||||&#8221; header_text_align=&#8221;left&#8221; header_2_font=&#8221;Montserrat|700||on|||||&#8221; header_2_font_size=&#8221;42px&#8221; header_2_line_height=&#8221;1.3em&#8221; background_color=&#8221;#f7f7f7&#8243; background_size=&#8221;initial&#8221; background_position=&#8221;top_left&#8221; background_repeat=&#8221;repeat&#8221; max_width=&#8221;700px&#8221; module_alignment=&#8221;left&#8221; custom_margin=&#8221;|||&#8221; custom_padding=&#8221;10%|10%|10%|10%&#8221; animation_style=&#8221;slide&#8221; animation_direction=&#8221;bottom&#8221; animation_intensity_slide=&#8221;4%&#8221; animation_starting_opacity=&#8221;100%&#8221; box_shadow_style=&#8221;preset1&#8243; box_shadow_vertical=&#8221;15px&#8221; box_shadow_blur=&#8221;45px&#8221; box_shadow_color=&#8221;rgba(0,0,0,0.15)&#8221; locked=&#8221;off&#8221;]<\/p>\n<h2>Grupo de Materiais Geot\u00e9cnicos<\/h2>\n<p>A GMG (Gropo de Materiais Geot\u00e9cnicos) \u00e9 uma empresa fundada em 2014 e que tem como miss\u00e3o prestar apoio t\u00e9cnico e tecnol\u00f3gico na arena da Engenharia C\u00edvil e Obras<br \/>P\u00fablicas, bem como efectuar o controlo da Qualidade dos materiais de constru\u00e7\u00e3o.<br \/>Deste modo, pretendemos contribuir para a eleva\u00e7\u00e3o de qualidade de execu\u00e7\u00e3o das obras dos nossos clientes, ainda assim, contribuir para que todas as \u00e1reas de actividade ligadas \u00e0 constru\u00e7\u00e3o civil tenham acesso \u00e0 servi\u00e7os laboratoriais e de controlo de Qualidade regidos pelos mais elevados padr\u00f5es e normas internacionais. <br \/>Para este efeito, as actividades da GMG consistem em prestar servi\u00e7os laboratoriais, realizar estudos e, emitir pareceres t\u00e9cnicos nos dom\u00ednios da Engenharia Rodovi\u00e1ria, Geologia de Engenharia, Engenharia de Estruturas, Engenharia de Materiais e, Geotecnia.<\/p>\n<p>[\/et_pb_text][\/et_pb_column][et_pb_column type=&#8221;1_3&#8243; _builder_version=&#8221;3.0.47&#8243; parallax=&#8221;off&#8221; parallax_method=&#8221;on&#8221;][\/et_pb_column][\/et_pb_row][\/et_pb_section][et_pb_section fb_built=&#8221;1&#8243; background_color=&#8221;#f7f7f7&#8243; _builder_version=&#8221;3.0.90&#8243; disabled_on=&#8221;off|off|on&#8221;][et_pb_row _builder_version=&#8221;3.0.90&#8243;][et_pb_column type=&#8221;4_4&#8243; _builder_version=&#8221;3.0.90&#8243; parallax=&#8221;off&#8221; parallax_method=&#8221;on&#8221;][et_pb_text _builder_version=&#8221;3.0.90&#8243; inline_fonts=&#8221;Montserrat&#8221; text_font=&#8221;|||on|||||&#8221; ul_font=&#8221;||||||||&#8221; ol_font=&#8221;||||||||&#8221;]<\/p>\n<h1><span style=\"font-family: Montserrat; font-weight: normal; font-size: xx-large;\"><strong>Grupo de <br \/>Materiais <br \/>Geot\u00e9cnicos<\/strong><\/span><\/h1>\n<p>[\/et_pb_text][et_pb_text _builder_version=&#8221;3.0.90&#8243;]<\/p>\n<p>A GMG (Gropo de Materiais Geot\u00e9cnicos) \u00e9 uma empresa fundada em 2014 e que tem como miss\u00e3o prestar apoio t\u00e9cnico e tecnol\u00f3gico na arena da Engenharia C\u00edvil e Obras P\u00fablicas, bem como efectuar o controlo da Qualidade dos materiais de constru\u00e7\u00e3o.<br \/>Deste modo, pretendemos contribuir para a eleva\u00e7\u00e3o de qualidade de execu\u00e7\u00e3o das obras dos nossos clientes, ainda assim, contribuir para que todas as \u00e1reas de actividade ligadas \u00e0 constru\u00e7\u00e3o civil tenham acesso \u00e0 servi\u00e7os laboratoriais e de controlo de Qualidade regidos pelos mais elevados padr\u00f5es e normas internacionais. <br \/>Para este efeito, as actividades da GMG consistem em prestar servi\u00e7os laboratoriais, realizar estudos e, emitir pareceres t\u00e9cnicos nos dom\u00ednios da Engenharia Rodovi\u00e1ria, Geologia de Engenharia, Engenharia de Estruturas, Engenharia de Materiais e, Geotecnia.<\/p>\n<p>[\/et_pb_text][\/et_pb_column][\/et_pb_row][\/et_pb_section]<\/p>\n","protected":false},"excerpt":{"rendered":"<p>[et_pb_section fb_built=&#8221;1&#8243; admin_label=&#8221;About Us Section&#8221; _builder_version=&#8221;3.0.90&#8243; background_image=&#8221;http:\/\/www.gmg.co.mz\/wp-content\/uploads\/2017\/12\/DSC00440.jpg&#8221; custom_margin=&#8221;|5%||5%&#8221; custom_margin_phone=&#8221;|0px||0px&#8221; custom_margin_last_edited=&#8221;on|phone&#8221; custom_padding=&#8221;10%|||&#8221; animation_style=&#8221;zoom&#8221; animation_direction=&#8221;top&#8221; animation_intensity_zoom=&#8221;5%&#8221; box_shadow_style=&#8221;preset7&#8243; box_shadow_horizontal=&#8221;0px&#8221; box_shadow_vertical=&#8221;-200px&#8221; box_shadow_color=&#8221;#ffffff&#8221; disabled_on=&#8221;on|on|off&#8221;][et_pb_row custom_padding=&#8221;27px|0px|0px|0px&#8221; admin_label=&#8221;About Us Area&#8221; _builder_version=&#8221;3.0.90&#8243; background_size=&#8221;initial&#8221; background_position=&#8221;top_left&#8221; background_repeat=&#8221;repeat&#8221;][et_pb_column type=&#8221;2_3&#8243; _builder_version=&#8221;3.0.47&#8243; parallax=&#8221;off&#8221; parallax_method=&#8221;on&#8221;][et_pb_text admin_label=&#8221;Title&#8221; _builder_version=&#8221;3.0.90&#8243; text_font=&#8221;Montserrat||||||||&#8221; text_font_size=&#8221;16px&#8221; text_text_color=&#8221;#747d88&#8243; text_line_height=&#8221;1.9em&#8221; header_font=&#8221;||||||||&#8221; header_text_align=&#8221;left&#8221; header_2_font=&#8221;Montserrat|700||on|||||&#8221; header_2_font_size=&#8221;42px&#8221; header_2_line_height=&#8221;1.3em&#8221; background_color=&#8221;#f7f7f7&#8243; background_size=&#8221;initial&#8221; background_position=&#8221;top_left&#8221; background_repeat=&#8221;repeat&#8221; max_width=&#8221;700px&#8221; module_alignment=&#8221;left&#8221; custom_margin=&#8221;|||&#8221; custom_padding=&#8221;10%|10%|10%|10%&#8221; animation_style=&#8221;slide&#8221; animation_direction=&#8221;bottom&#8221; animation_intensity_slide=&#8221;4%&#8221; animation_starting_opacity=&#8221;100%&#8221; box_shadow_style=&#8221;preset1&#8243; [&hellip;]<\/p>\n","protected":false},"author":1,"featured_media":0,"parent":0,"menu_order":0,"comment_status":"closed","ping_status":"closed","template":"","meta":{"footnotes":""},"class_list":["post-47804","page","type-page","status-publish","hentry"],"_links":{"self":[{"href":"https:\/\/www.gmg.co.mz\/index.php?rest_route=\/wp\/v2\/pages\/47804","targetHints":{"allow":["GET"]}}],"collection":[{"href":"https:\/\/www.gmg.co.mz\/index.php?rest_route=\/wp\/v2\/pages"}],"about":[{"href":"https:\/\/www.gmg.co.mz\/index.php?rest_route=\/wp\/v2\/types\/page"}],"author":[{"embeddable":true,"href":"https:\/\/www.gmg.co.mz\/index.php?rest_route=\/wp\/v2\/users\/1"}],"replies":[{"embeddable":true,"href":"https:\/\/www.gmg.co.mz\/index.php?rest_route=%2Fwp%2Fv2%2Fcomments&post=47804"}],"version-history":[{"count":12,"href":"https:\/\/www.gmg.co.mz\/index.php?rest_route=\/wp\/v2\/pages\/47804\/revisions"}],"predecessor-version":[{"id":47952,"href":"https:\/\/www.gmg.co.mz\/index.php?rest_route=\/wp\/v2\/pages\/47804\/revisions\/47952"}],"wp:attachment":[{"href":"https:\/\/www.gmg.co.mz\/index.php?rest_route=%2Fwp%2Fv2%2Fmedia&parent=47804"}],"curies":[{"name":"wp","href":"https:\/\/api.w.org\/{rel}","templated":true}]}}